{"id":783,"date":"2023-02-18T12:48:26","date_gmt":"2023-02-18T12:48:26","guid":{"rendered":"https:\/\/carrosmotorizadosparahoteles.com\/?page_id=783"},"modified":"2023-03-13T12:38:20","modified_gmt":"2023-03-13T12:38:20","slug":"patente-de-utilidad","status":"publish","type":"page","link":"https:\/\/carrosmotorizadosparahoteles.com\/index.php\/patente-de-utilidad\/","title":{"rendered":"Patente de Utilidad"},"content":{"rendered":"\t\t<div data-elementor-type=\"wp-page\" data-elementor-id=\"783\" class=\"elementor elementor-783\">\n\t\t\t\t\t\t<section class=\"elementor-section elementor-top-section elementor-element elementor-element-8fdfdbd elementor-section-boxed elementor-section-height-default elementor-section-height-default\" data-id=\"8fdfdbd\" data-element_type=\"section\" data-settings=\"{&quot;shape_divider_top&quot;:&quot;opacity-tilt&quot;,&quot;shape_divider_bottom&quot;:&quot;opacity-tilt&quot;}\">\n\t\t\t\t\t<div class=\"elementor-shape elementor-shape-top\" data-negative=\"false\">\n\t\t\t<svg xmlns=\"http:\/\/www.w3.org\/2000\/svg\" viewBox=\"0 0 2600 131.1\" preserveAspectRatio=\"none\">\n\t<path class=\"elementor-shape-fill\" d=\"M0 0L2600 0 2600 69.1 0 0z\"\/>\n\t<path class=\"elementor-shape-fill\" style=\"opacity:0.5\" d=\"M0 0L2600 0 2600 69.1 0 69.1z\"\/>\n\t<path class=\"elementor-shape-fill\" style=\"opacity:0.25\" d=\"M2600 0L0 0 0 130.1 2600 69.1z\"\/>\n<\/svg>\t\t<\/div>\n\t\t\t\t<div class=\"elementor-shape elementor-shape-bottom\" data-negative=\"false\">\n\t\t\t<svg xmlns=\"http:\/\/www.w3.org\/2000\/svg\" viewBox=\"0 0 2600 131.1\" preserveAspectRatio=\"none\">\n\t<path class=\"elementor-shape-fill\" d=\"M0 0L2600 0 2600 69.1 0 0z\"\/>\n\t<path class=\"elementor-shape-fill\" style=\"opacity:0.5\" d=\"M0 0L2600 0 2600 69.1 0 69.1z\"\/>\n\t<path class=\"elementor-shape-fill\" style=\"opacity:0.25\" d=\"M2600 0L0 0 0 130.1 2600 69.1z\"\/>\n<\/svg>\t\t<\/div>\n\t\t\t\t\t<div class=\"elementor-container elementor-column-gap-default\">\n\t\t\t\t\t<div class=\"elementor-column elementor-col-100 elementor-top-column elementor-element elementor-element-c83f352\" data-id=\"c83f352\" data-element_type=\"column\">\n\t\t\t<div class=\"elementor-widget-wrap elementor-element-populated\">\n\t\t\t\t\t\t<div class=\"elementor-element elementor-element-49e985b elementor-widget elementor-widget-heading\" data-id=\"49e985b\" data-element_type=\"widget\" data-widget_type=\"heading.default\">\n\t\t\t\t<div class=\"elementor-widget-container\">\n\t\t\t<style>\/*! elementor - v3.21.0 - 26-05-2024 *\/\n.elementor-heading-title{padding:0;margin:0;line-height:1}.elementor-widget-heading .elementor-heading-title[class*=elementor-size-]>a{color:inherit;font-size:inherit;line-height:inherit}.elementor-widget-heading .elementor-heading-title.elementor-size-small{font-size:15px}.elementor-widget-heading .elementor-heading-title.elementor-size-medium{font-size:19px}.elementor-widget-heading .elementor-heading-title.elementor-size-large{font-size:29px}.elementor-widget-heading .elementor-heading-title.elementor-size-xl{font-size:39px}.elementor-widget-heading .elementor-heading-title.elementor-size-xxl{font-size:59px}<\/style><h2 class=\"elementor-heading-title elementor-size-default\">Patente de Utilidad<\/h2>\t\t<\/div>\n\t\t\t\t<\/div>\n\t\t\t\t<div class=\"elementor-element elementor-element-24dc3ba elementor-widget elementor-widget-text-editor\" data-id=\"24dc3ba\" data-element_type=\"widget\" data-widget_type=\"text-editor.default\">\n\t\t\t\t<div class=\"elementor-widget-container\">\n\t\t\t<style>\/*! elementor - v3.21.0 - 26-05-2024 *\/\n.elementor-widget-text-editor.elementor-drop-cap-view-stacked .elementor-drop-cap{background-color:#69727d;color:#fff}.elementor-widget-text-editor.elementor-drop-cap-view-framed .elementor-drop-cap{color:#69727d;border:3px solid;background-color:transparent}.elementor-widget-text-editor:not(.elementor-drop-cap-view-default) .elementor-drop-cap{margin-top:8px}.elementor-widget-text-editor:not(.elementor-drop-cap-view-default) .elementor-drop-cap-letter{width:1em;height:1em}.elementor-widget-text-editor .elementor-drop-cap{float:left;text-align:center;line-height:1;font-size:50px}.elementor-widget-text-editor .elementor-drop-cap-letter{display:inline-block}<\/style>\t\t\t\t<p>Patentes y Marcas ha concedido a Trend Robotics S.L La patente de utilidad del sistema de camas elevables con el nombre de <b>CARRO MOTORIZADO MECANIZADO BIDIRECCIONAL Y MULTIDIRECCIONAL<\/b> con n\u00famero <a href=\"https:\/\/consultas2.oepm.es\/InvenesWeb\/detalle?referencia=U202231761\" target=\"_blank\" rel=\"noopener\">U202231761<\/a> perteneciente al campo de la limpieza en la hosteler\u00eda, y m\u00e1s concretamente al sector del personal de pisos, <strong>para evitar el empuje f\u00edsico y de carga del carro tradicional<\/strong>, siendo este producto \u00fanico en el mercado, puesto que generan la fuerza motriz necesaria para dirigir el carro, sin esfuerzo, hacia cualquier direcci\u00f3n.<\/p><p>La patente de Utilidad protege invenciones consistentes, por ejemplo, en dar a un objeto una configuraci\u00f3n o estructura de la que se derive alguna utilidad o ventaja pr\u00e1ctica.<\/p><p>El dispositivo, instrumento o herramienta protegible por la Patente de Utilidad se caracteriza por su \u00ab<strong>utilidad<\/strong>\u00bb y \u00ab<strong>practicidad<\/strong>\u00bb y no por su \u00abest\u00e9tica\u00bb como ocurre en el dise\u00f1o industrial.<\/p><p>La duraci\u00f3n del Modelo de Utilidad es de diez a\u00f1os desde la presentaci\u00f3n de la solicitud, es decir que la empresa Trend Robotics S.L\u00a0<strong>tiene la explotaci\u00f3n \u00fanica y exclusiva de dicha utilidad<\/strong>. no obstante Trend Robotics est\u00e1 dispuesto a ceder licencia para que otras f\u00e1bricas y\/o distribuidores de carros motorizados puedan entrar en el mercado, ya que el prop\u00f3sito de la misma es dotar de Carbot\u00ae a todas las personas que en su puesto de trabajo dejen de empujar en posturas perjudiciales para la salud, como la lumbalgia, cervicales, contracturas etc.<\/p><p>Tal y como indican en Patentes y Marcas El titular de la patente est\u00e1 obligado a explotarla, por s\u00ed mismo o por persona autorizada por \u00e9l, mediante su ejecuci\u00f3n en Espa\u00f1a o en un territorio miembro de la Organizaci\u00f3n Mundial del Comercio.\u00a0<span style=\"color: #3366ff;\"><strong>El art\u00edculo 273 del C\u00f3digo Penal castiga a quienes, con fines comerciales o industriales y sin consentimiento del titular de una patente\u00a0o\u00a0modelo de utilidad, adem\u00e1s de tener conocimiento de su registro, fabrique, importe, posea, utilice, ofrezca o introduzca en el comercio objetos amparados por tales derechos.<\/strong><\/span><\/p><p>Todo el equipo de Trend Robotics, manifiestan que est\u00e1n muy contentos con esta nueva concesi\u00f3n, ya que ha sido un examen duro, destacan la gran profesionalidad de los examinadores y de todo el equipo de Patentes y Marcas que siempre han estado dispuestos a resolver todas las dudas existentes.<\/p><p>Trend Robotics SL afirma que ha sido un nuevo reto y este se ha conseguido satisfactoriamente, como todos los retos que se proponen y que lo m\u00e1s importante es seguir trabajando para mejorar la calidad de las personas y m\u00e1s cuando el producto se present\u00f3 en p\u00fablico el d\u00eda 19 de Marzo en presencia de m\u00e1s de 1000 personas.<\/p>\t\t\t\t\t\t<\/div>\n\t\t\t\t<\/div>\n\t\t\t\t\t<\/div>\n\t\t<\/div>\n\t\t\t\t\t<\/div>\n\t\t<\/section>\n\t\t\t\t<\/div>\n\t\t","protected":false},"excerpt":{"rendered":"<p>Patente de Utilidad Patentes y Marcas ha concedido a Trend Robotics S.L La patente de utilidad del sistema de camas elevables con el nombre de CARRO MOTORIZADO MECANIZADO BIDIRECCIONAL Y MULTIDIRECCIONAL con n\u00famero U202231761 perteneciente al campo de la limpieza en la hosteler\u00eda, y m\u00e1s concretamente al sector del personal de pisos, para evitar el empuje f\u00edsico y de carga del carro tradicional, siendo este producto \u00fanico en el mercado, puesto que generan la fuerza motriz necesaria para dirigir el carro, sin esfuerzo, hacia cualquier direcci\u00f3n. La patente de Utilidad protege invenciones consistentes, por ejemplo, en dar a un objeto una configuraci\u00f3n o estructura de la que se derive alguna utilidad o ventaja pr\u00e1ctica. El dispositivo, instrumento o&hellip;<\/p>\n","protected":false},"author":1,"featured_media":0,"parent":0,"menu_order":0,"comment_status":"closed","ping_status":"closed","template":"","meta":{"footnotes":""},"class_list":["post-783","page","type-page","status-publish","hentry"],"yoast_head":"<!-- This site is optimized with the Yoast SEO plugin v22.8 - https:\/\/yoast.com\/wordpress\/plugins\/seo\/ -->\n<title>Patente de Utilidad - Carros Motorizados para Hoteles<\/title>\n<meta name=\"robots\" content=\"index, follow, max-snippet:-1, max-image-preview:large, max-video-preview:-1\" \/>\n<link rel=\"canonical\" href=\"https:\/\/carrosmotorizadosparahoteles.com\/index.php\/patente-de-utilidad\/\" \/>\n<meta property=\"og:locale\" content=\"es_ES\" \/>\n<meta property=\"og:type\" content=\"article\" \/>\n<meta property=\"og:title\" content=\"Patente de Utilidad - Carros Motorizados para Hoteles\" \/>\n<meta property=\"og:description\" content=\"Patente de Utilidad Patentes y Marcas ha concedido a Trend Robotics S.L La patente de utilidad del sistema de camas elevables con el nombre de CARRO MOTORIZADO MECANIZADO BIDIRECCIONAL Y MULTIDIRECCIONAL con n\u00famero U202231761 perteneciente al campo de la limpieza en la hosteler\u00eda, y m\u00e1s concretamente al sector del personal de pisos, para evitar el empuje f\u00edsico y de carga del carro tradicional, siendo este producto \u00fanico en el mercado, puesto que generan la fuerza motriz necesaria para dirigir el carro, sin esfuerzo, hacia cualquier direcci\u00f3n. La patente de Utilidad protege invenciones consistentes, por ejemplo, en dar a un objeto una configuraci\u00f3n o estructura de la que se derive alguna utilidad o ventaja pr\u00e1ctica. El dispositivo, instrumento o&hellip;\" \/>\n<meta property=\"og:url\" content=\"https:\/\/carrosmotorizadosparahoteles.com\/index.php\/patente-de-utilidad\/\" \/>\n<meta property=\"og:site_name\" content=\"Carros Motorizados para Hoteles\" \/>\n<meta property=\"article:modified_time\" content=\"2023-03-13T12:38:20+00:00\" \/>\n<meta name=\"twitter:card\" content=\"summary_large_image\" \/>\n<meta name=\"twitter:label1\" content=\"Tiempo de lectura\" \/>\n\t<meta name=\"twitter:data1\" content=\"2 minutos\" \/>\n<script type=\"application\/ld+json\" class=\"yoast-schema-graph\">{\"@context\":\"https:\/\/schema.org\",\"@graph\":[{\"@type\":\"WebPage\",\"@id\":\"https:\/\/carrosmotorizadosparahoteles.com\/index.php\/patente-de-utilidad\/\",\"url\":\"https:\/\/carrosmotorizadosparahoteles.com\/index.php\/patente-de-utilidad\/\",\"name\":\"Patente de Utilidad - Carros Motorizados para Hoteles\",\"isPartOf\":{\"@id\":\"https:\/\/carrosmotorizadosparahoteles.com\/#website\"},\"datePublished\":\"2023-02-18T12:48:26+00:00\",\"dateModified\":\"2023-03-13T12:38:20+00:00\",\"breadcrumb\":{\"@id\":\"https:\/\/carrosmotorizadosparahoteles.com\/index.php\/patente-de-utilidad\/#breadcrumb\"},\"inLanguage\":\"es\",\"potentialAction\":[{\"@type\":\"ReadAction\",\"target\":[\"https:\/\/carrosmotorizadosparahoteles.com\/index.php\/patente-de-utilidad\/\"]}]},{\"@type\":\"BreadcrumbList\",\"@id\":\"https:\/\/carrosmotorizadosparahoteles.com\/index.php\/patente-de-utilidad\/#breadcrumb\",\"itemListElement\":[{\"@type\":\"ListItem\",\"position\":1,\"name\":\"Portada\",\"item\":\"https:\/\/carrosmotorizadosparahoteles.com\/\"},{\"@type\":\"ListItem\",\"position\":2,\"name\":\"Patente de Utilidad\"}]},{\"@type\":\"WebSite\",\"@id\":\"https:\/\/carrosmotorizadosparahoteles.com\/#website\",\"url\":\"https:\/\/carrosmotorizadosparahoteles.com\/\",\"name\":\"Carros Motorizados para Hoteles\",\"description\":\"Carros Motorizados para Hoteles\",\"publisher\":{\"@id\":\"https:\/\/carrosmotorizadosparahoteles.com\/#organization\"},\"potentialAction\":[{\"@type\":\"SearchAction\",\"target\":{\"@type\":\"EntryPoint\",\"urlTemplate\":\"https:\/\/carrosmotorizadosparahoteles.com\/?s={search_term_string}\"},\"query-input\":\"required name=search_term_string\"}],\"inLanguage\":\"es\"},{\"@type\":\"Organization\",\"@id\":\"https:\/\/carrosmotorizadosparahoteles.com\/#organization\",\"name\":\"Carros Motorizados para Hoteles\",\"url\":\"https:\/\/carrosmotorizadosparahoteles.com\/\",\"logo\":{\"@type\":\"ImageObject\",\"inLanguage\":\"es\",\"@id\":\"https:\/\/carrosmotorizadosparahoteles.com\/#\/schema\/logo\/image\/\",\"url\":\"https:\/\/carrosmotorizadosparahoteles.com\/wp-content\/uploads\/2023\/02\/cropped-TRb-CARBOT-Carro-motorizado-para-hoteles-color-blanco-150x48-1.png\",\"contentUrl\":\"https:\/\/carrosmotorizadosparahoteles.com\/wp-content\/uploads\/2023\/02\/cropped-TRb-CARBOT-Carro-motorizado-para-hoteles-color-blanco-150x48-1.png\",\"width\":200,\"height\":69,\"caption\":\"Carros Motorizados para Hoteles\"},\"image\":{\"@id\":\"https:\/\/carrosmotorizadosparahoteles.com\/#\/schema\/logo\/image\/\"}}]}<\/script>\n<!-- \/ Yoast SEO plugin. -->","yoast_head_json":{"title":"Patente de Utilidad - Carros Motorizados para Hoteles","robots":{"index":"index","follow":"follow","max-snippet":"max-snippet:-1","max-image-preview":"max-image-preview:large","max-video-preview":"max-video-preview:-1"},"canonical":"https:\/\/carrosmotorizadosparahoteles.com\/index.php\/patente-de-utilidad\/","og_locale":"es_ES","og_type":"article","og_title":"Patente de Utilidad - Carros Motorizados para Hoteles","og_description":"Patente de Utilidad Patentes y Marcas ha concedido a Trend Robotics S.L La patente de utilidad del sistema de camas elevables con el nombre de CARRO MOTORIZADO MECANIZADO BIDIRECCIONAL Y MULTIDIRECCIONAL con n\u00famero U202231761 perteneciente al campo de la limpieza en la hosteler\u00eda, y m\u00e1s concretamente al sector del personal de pisos, para evitar el empuje f\u00edsico y de carga del carro tradicional, siendo este producto \u00fanico en el mercado, puesto que generan la fuerza motriz necesaria para dirigir el carro, sin esfuerzo, hacia cualquier direcci\u00f3n. La patente de Utilidad protege invenciones consistentes, por ejemplo, en dar a un objeto una configuraci\u00f3n o estructura de la que se derive alguna utilidad o ventaja pr\u00e1ctica. El dispositivo, instrumento o&hellip;","og_url":"https:\/\/carrosmotorizadosparahoteles.com\/index.php\/patente-de-utilidad\/","og_site_name":"Carros Motorizados para Hoteles","article_modified_time":"2023-03-13T12:38:20+00:00","twitter_card":"summary_large_image","twitter_misc":{"Tiempo de lectura":"2 minutos"},"schema":{"@context":"https:\/\/schema.org","@graph":[{"@type":"WebPage","@id":"https:\/\/carrosmotorizadosparahoteles.com\/index.php\/patente-de-utilidad\/","url":"https:\/\/carrosmotorizadosparahoteles.com\/index.php\/patente-de-utilidad\/","name":"Patente de Utilidad - Carros Motorizados para Hoteles","isPartOf":{"@id":"https:\/\/carrosmotorizadosparahoteles.com\/#website"},"datePublished":"2023-02-18T12:48:26+00:00","dateModified":"2023-03-13T12:38:20+00:00","breadcrumb":{"@id":"https:\/\/carrosmotorizadosparahoteles.com\/index.php\/patente-de-utilidad\/#breadcrumb"},"inLanguage":"es","potentialAction":[{"@type":"ReadAction","target":["https:\/\/carrosmotorizadosparahoteles.com\/index.php\/patente-de-utilidad\/"]}]},{"@type":"BreadcrumbList","@id":"https:\/\/carrosmotorizadosparahoteles.com\/index.php\/patente-de-utilidad\/#breadcrumb","itemListElement":[{"@type":"ListItem","position":1,"name":"Portada","item":"https:\/\/carrosmotorizadosparahoteles.com\/"},{"@type":"ListItem","position":2,"name":"Patente de Utilidad"}]},{"@type":"WebSite","@id":"https:\/\/carrosmotorizadosparahoteles.com\/#website","url":"https:\/\/carrosmotorizadosparahoteles.com\/","name":"Carros Motorizados para Hoteles","description":"Carros Motorizados para Hoteles","publisher":{"@id":"https:\/\/carrosmotorizadosparahoteles.com\/#organization"},"potentialAction":[{"@type":"SearchAction","target":{"@type":"EntryPoint","urlTemplate":"https:\/\/carrosmotorizadosparahoteles.com\/?s={search_term_string}"},"query-input":"required name=search_term_string"}],"inLanguage":"es"},{"@type":"Organization","@id":"https:\/\/carrosmotorizadosparahoteles.com\/#organization","name":"Carros Motorizados para Hoteles","url":"https:\/\/carrosmotorizadosparahoteles.com\/","logo":{"@type":"ImageObject","inLanguage":"es","@id":"https:\/\/carrosmotorizadosparahoteles.com\/#\/schema\/logo\/image\/","url":"https:\/\/carrosmotorizadosparahoteles.com\/wp-content\/uploads\/2023\/02\/cropped-TRb-CARBOT-Carro-motorizado-para-hoteles-color-blanco-150x48-1.png","contentUrl":"https:\/\/carrosmotorizadosparahoteles.com\/wp-content\/uploads\/2023\/02\/cropped-TRb-CARBOT-Carro-motorizado-para-hoteles-color-blanco-150x48-1.png","width":200,"height":69,"caption":"Carros Motorizados para Hoteles"},"image":{"@id":"https:\/\/carrosmotorizadosparahoteles.com\/#\/schema\/logo\/image\/"}}]}},"_links":{"self":[{"href":"https:\/\/carrosmotorizadosparahoteles.com\/index.php\/wp-json\/wp\/v2\/pages\/783","targetHints":{"allow":["GET"]}}],"collection":[{"href":"https:\/\/carrosmotorizadosparahoteles.com\/index.php\/wp-json\/wp\/v2\/pages"}],"about":[{"href":"https:\/\/carrosmotorizadosparahoteles.com\/index.php\/wp-json\/wp\/v2\/types\/page"}],"author":[{"embeddable":true,"href":"https:\/\/carrosmotorizadosparahoteles.com\/index.php\/wp-json\/wp\/v2\/users\/1"}],"replies":[{"embeddable":true,"href":"https:\/\/carrosmotorizadosparahoteles.com\/index.php\/wp-json\/wp\/v2\/comments?post=783"}],"version-history":[{"count":14,"href":"https:\/\/carrosmotorizadosparahoteles.com\/index.php\/wp-json\/wp\/v2\/pages\/783\/revisions"}],"predecessor-version":[{"id":817,"href":"https:\/\/carrosmotorizadosparahoteles.com\/index.php\/wp-json\/wp\/v2\/pages\/783\/revisions\/817"}],"wp:attachment":[{"href":"https:\/\/carrosmotorizadosparahoteles.com\/index.php\/wp-json\/wp\/v2\/media?parent=783"}],"curies":[{"name":"wp","href":"https:\/\/api.w.org\/{rel}","templated":true}]}}