{"id":48,"date":"2019-04-18T11:12:45","date_gmt":"2019-04-18T11:12:45","guid":{"rendered":"https:\/\/envothemes.com\/envo-ecommerce\/?page_id=48"},"modified":"2023-02-17T19:45:48","modified_gmt":"2023-02-17T19:45:48","slug":"contact","status":"publish","type":"page","link":"https:\/\/carrosmotorizadosparahoteles.com\/index.php\/contact\/","title":{"rendered":"Contact"},"content":{"rendered":"\t\t<div data-elementor-type=\"wp-post\" data-elementor-id=\"48\" class=\"elementor elementor-48\">\n\t\t\t\t\t\t<section class=\"elementor-section elementor-top-section elementor-element elementor-element-2eccec9 elementor-section-full_width elementor-section-height-default elementor-section-height-default\" data-id=\"2eccec9\" data-element_type=\"section\" data-settings=\"{&quot;background_background&quot;:&quot;classic&quot;,&quot;shape_divider_bottom&quot;:&quot;tilt&quot;}\">\n\t\t\t\t\t\t\t<div class=\"elementor-background-overlay\"><\/div>\n\t\t\t\t\t\t<div class=\"elementor-shape elementor-shape-bottom\" data-negative=\"false\">\n\t\t\t<svg xmlns=\"http:\/\/www.w3.org\/2000\/svg\" viewBox=\"0 0 1000 100\" preserveAspectRatio=\"none\">\n\t<path class=\"elementor-shape-fill\" d=\"M0,6V0h1000v100L0,6z\"\/>\n<\/svg>\t\t<\/div>\n\t\t\t\t\t<div class=\"elementor-container elementor-column-gap-default\">\n\t\t\t\t\t<div class=\"elementor-column elementor-col-100 elementor-top-column elementor-element elementor-element-405015e\" data-id=\"405015e\" data-element_type=\"column\">\n\t\t\t<div class=\"elementor-widget-wrap elementor-element-populated\">\n\t\t\t\t\t\t<section class=\"elementor-section elementor-inner-section elementor-element elementor-element-8c21c3c elementor-section-boxed elementor-section-height-default elementor-section-height-default\" data-id=\"8c21c3c\" data-element_type=\"section\">\n\t\t\t\t\t\t<div class=\"elementor-container elementor-column-gap-default\">\n\t\t\t\t\t<div class=\"elementor-column elementor-col-100 elementor-inner-column elementor-element elementor-element-b23014f\" data-id=\"b23014f\" data-element_type=\"column\">\n\t\t\t<div class=\"elementor-widget-wrap elementor-element-populated\">\n\t\t\t\t\t\t<div class=\"elementor-element elementor-element-5b99a4c elementor-widget elementor-widget-heading\" data-id=\"5b99a4c\" data-element_type=\"widget\" data-widget_type=\"heading.default\">\n\t\t\t\t<div class=\"elementor-widget-container\">\n\t\t\t<style>\/*! elementor - v3.21.0 - 26-05-2024 *\/\n.elementor-heading-title{padding:0;margin:0;line-height:1}.elementor-widget-heading .elementor-heading-title[class*=elementor-size-]>a{color:inherit;font-size:inherit;line-height:inherit}.elementor-widget-heading .elementor-heading-title.elementor-size-small{font-size:15px}.elementor-widget-heading .elementor-heading-title.elementor-size-medium{font-size:19px}.elementor-widget-heading .elementor-heading-title.elementor-size-large{font-size:29px}.elementor-widget-heading .elementor-heading-title.elementor-size-xl{font-size:39px}.elementor-widget-heading .elementor-heading-title.elementor-size-xxl{font-size:59px}<\/style><h2 class=\"elementor-heading-title elementor-size-default\">Contacta<\/h2>\t\t<\/div>\n\t\t\t\t<\/div>\n\t\t\t\t<div class=\"elementor-element elementor-element-6752051 elementor-widget elementor-widget-heading\" data-id=\"6752051\" data-element_type=\"widget\" data-widget_type=\"heading.default\">\n\t\t\t\t<div class=\"elementor-widget-container\">\n\t\t\t<h5 class=\"elementor-heading-title elementor-size-default\">Puedes contactar con nosotros a trav\u00e9s de las siguientes v\u00edas.<\/h5>\t\t<\/div>\n\t\t\t\t<\/div>\n\t\t\t\t\t<\/div>\n\t\t<\/div>\n\t\t\t\t\t<\/div>\n\t\t<\/section>\n\t\t\t\t\t<\/div>\n\t\t<\/div>\n\t\t\t\t\t<\/div>\n\t\t<\/section>\n\t\t\t\t<section class=\"elementor-section elementor-top-section elementor-element elementor-element-4d9bddd7 elementor-section-content-middle elementor-section-boxed elementor-section-height-default elementor-section-height-default\" data-id=\"4d9bddd7\" data-element_type=\"section\" data-settings=\"{&quot;background_background&quot;:&quot;classic&quot;}\">\n\t\t\t\t\t\t<div class=\"elementor-container elementor-column-gap-default\">\n\t\t\t\t\t<div class=\"elementor-column elementor-col-50 elementor-top-column elementor-element elementor-element-491aa5ac\" data-id=\"491aa5ac\" data-element_type=\"column\" data-settings=\"{&quot;background_background&quot;:&quot;classic&quot;}\">\n\t\t\t<div class=\"elementor-widget-wrap elementor-element-populated\">\n\t\t\t\t\t\t<section class=\"elementor-section elementor-inner-section elementor-element elementor-element-58810c78 elementor-section-boxed elementor-section-height-default elementor-section-height-default\" data-id=\"58810c78\" data-element_type=\"section\">\n\t\t\t\t\t\t<div class=\"elementor-container elementor-column-gap-default\">\n\t\t\t\t\t<div class=\"elementor-column elementor-col-100 elementor-inner-column elementor-element elementor-element-4b1c6f00\" data-id=\"4b1c6f00\" data-element_type=\"column\">\n\t\t\t<div class=\"elementor-widget-wrap elementor-element-populated\">\n\t\t\t\t\t\t<div class=\"elementor-element elementor-element-b9a5484 elementor-widget elementor-widget-heading\" data-id=\"b9a5484\" data-element_type=\"widget\" data-widget_type=\"heading.default\">\n\t\t\t\t<div class=\"elementor-widget-container\">\n\t\t\t<h2 class=\"elementor-heading-title elementor-size-default\">Estar en Contacto<\/h2>\t\t<\/div>\n\t\t\t\t<\/div>\n\t\t\t\t<div class=\"elementor-element elementor-element-3d1d0a2 elementor-widget elementor-widget-heading\" data-id=\"3d1d0a2\" data-element_type=\"widget\" data-widget_type=\"heading.default\">\n\t\t\t\t<div class=\"elementor-widget-container\">\n\t\t\t<h5 class=\"elementor-heading-title elementor-size-default\">Puedes contactar con nosotros en;<\/h5>\t\t<\/div>\n\t\t\t\t<\/div>\n\t\t\t\t\t<\/div>\n\t\t<\/div>\n\t\t\t\t\t<\/div>\n\t\t<\/section>\n\t\t\t\t<section class=\"elementor-section elementor-inner-section elementor-element elementor-element-61ddb8e elementor-section-boxed elementor-section-height-default elementor-section-height-default\" data-id=\"61ddb8e\" data-element_type=\"section\">\n\t\t\t\t\t\t<div class=\"elementor-container elementor-column-gap-default\">\n\t\t\t\t\t<div class=\"elementor-column elementor-col-33 elementor-inner-column elementor-element elementor-element-86d03c5\" data-id=\"86d03c5\" data-element_type=\"column\">\n\t\t\t<div class=\"elementor-widget-wrap\">\n\t\t\t\t\t\t\t<\/div>\n\t\t<\/div>\n\t\t\t\t<div class=\"elementor-column elementor-col-33 elementor-inner-column elementor-element elementor-element-8693a1d\" data-id=\"8693a1d\" data-element_type=\"column\">\n\t\t\t<div class=\"elementor-widget-wrap elementor-element-populated\">\n\t\t\t\t\t\t<div class=\"elementor-element elementor-element-2416b157 elementor-widget elementor-widget-heading\" data-id=\"2416b157\" data-element_type=\"widget\" data-widget_type=\"heading.default\">\n\t\t\t\t<div class=\"elementor-widget-container\">\n\t\t\t<h3 class=\"elementor-heading-title elementor-size-default\">Direcci\u00f3n<\/h3>\t\t<\/div>\n\t\t\t\t<\/div>\n\t\t\t\t<div class=\"elementor-element elementor-element-1d1e88eb elementor-widget elementor-widget-text-editor\" data-id=\"1d1e88eb\" data-element_type=\"widget\" data-widget_type=\"text-editor.default\">\n\t\t\t\t<div class=\"elementor-widget-container\">\n\t\t\t<style>\/*! elementor - v3.21.0 - 26-05-2024 *\/\n.elementor-widget-text-editor.elementor-drop-cap-view-stacked .elementor-drop-cap{background-color:#69727d;color:#fff}.elementor-widget-text-editor.elementor-drop-cap-view-framed .elementor-drop-cap{color:#69727d;border:3px solid;background-color:transparent}.elementor-widget-text-editor:not(.elementor-drop-cap-view-default) .elementor-drop-cap{margin-top:8px}.elementor-widget-text-editor:not(.elementor-drop-cap-view-default) .elementor-drop-cap-letter{width:1em;height:1em}.elementor-widget-text-editor .elementor-drop-cap{float:left;text-align:center;line-height:1;font-size:50px}.elementor-widget-text-editor .elementor-drop-cap-letter{display:inline-block}<\/style>\t\t\t\t<p>Calle El Calvario 54, 38600 Tenerife, Islas Canarias \u2013 Espa\u00f1a<\/p>\t\t\t\t\t\t<\/div>\n\t\t\t\t<\/div>\n\t\t\t\t\t<\/div>\n\t\t<\/div>\n\t\t\t\t<div class=\"elementor-column elementor-col-33 elementor-inner-column elementor-element elementor-element-45ff9bf7\" data-id=\"45ff9bf7\" data-element_type=\"column\">\n\t\t\t<div class=\"elementor-widget-wrap elementor-element-populated\">\n\t\t\t\t\t\t<div class=\"elementor-element elementor-element-26b1e3ce elementor-widget elementor-widget-heading\" data-id=\"26b1e3ce\" data-element_type=\"widget\" data-widget_type=\"heading.default\">\n\t\t\t\t<div class=\"elementor-widget-container\">\n\t\t\t<h3 class=\"elementor-heading-title elementor-size-default\">Tel\u00e9fonos<\/h3>\t\t<\/div>\n\t\t\t\t<\/div>\n\t\t\t\t<div class=\"elementor-element elementor-element-9bcdc91 elementor-widget elementor-widget-text-editor\" data-id=\"9bcdc91\" data-element_type=\"widget\" data-widget_type=\"text-editor.default\">\n\t\t\t\t<div class=\"elementor-widget-container\">\n\t\t\t\t\t\t\t<p>+34 822148799<\/p><p>+34 666796850<\/p><p>info@trendrobotics.es<\/p>\t\t\t\t\t\t<\/div>\n\t\t\t\t<\/div>\n\t\t\t\t\t<\/div>\n\t\t<\/div>\n\t\t\t\t\t<\/div>\n\t\t<\/section>\n\t\t\t\t\t<\/div>\n\t\t<\/div>\n\t\t\t\t<div class=\"elementor-column elementor-col-50 elementor-top-column elementor-element elementor-element-14960529\" data-id=\"14960529\" data-element_type=\"column\" data-settings=\"{&quot;background_background&quot;:&quot;classic&quot;}\">\n\t\t\t<div class=\"elementor-widget-wrap elementor-element-populated\">\n\t\t\t\t\t\t<section class=\"elementor-section elementor-inner-section elementor-element elementor-element-709f14af elementor-section-boxed elementor-section-height-default elementor-section-height-default\" data-id=\"709f14af\" data-element_type=\"section\">\n\t\t\t\t\t\t<div class=\"elementor-container elementor-column-gap-default\">\n\t\t\t\t\t<div class=\"elementor-column elementor-col-100 elementor-inner-column elementor-element elementor-element-1086d6f9\" data-id=\"1086d6f9\" data-element_type=\"column\">\n\t\t\t<div class=\"elementor-widget-wrap elementor-element-populated\">\n\t\t\t\t\t\t<div class=\"elementor-element elementor-element-650556bd elementor-widget elementor-widget-google_maps\" data-id=\"650556bd\" data-element_type=\"widget\" data-widget_type=\"google_maps.default\">\n\t\t\t\t<div class=\"elementor-widget-container\">\n\t\t\t<style>\/*! elementor - v3.21.0 - 26-05-2024 *\/\n.elementor-widget-google_maps .elementor-widget-container{overflow:hidden}.elementor-widget-google_maps .elementor-custom-embed{line-height:0}.elementor-widget-google_maps iframe{height:300px}<\/style>\t\t<div class=\"elementor-custom-embed\">\n\t\t\t<iframe loading=\"lazy\"\n\t\t\t\t\tsrc=\"https:\/\/maps.google.com\/maps?q=Calle%20El%20Calvario%2054%2C%2038600%20Tenerife%2C%20Islas%20Canarias%20%E2%80%93%20Espa%C3%B1a&#038;t=m&#038;z=10&#038;output=embed&#038;iwloc=near\"\n\t\t\t\t\ttitle=\"Calle El Calvario 54, 38600 Tenerife, Islas Canarias \u2013 Espa\u00f1a\"\n\t\t\t\t\taria-label=\"Calle El Calvario 54, 38600 Tenerife, Islas Canarias \u2013 Espa\u00f1a\"\n\t\t\t><\/iframe>\n\t\t<\/div>\n\t\t\t\t<\/div>\n\t\t\t\t<\/div>\n\t\t\t\t\t<\/div>\n\t\t<\/div>\n\t\t\t\t\t<\/div>\n\t\t<\/section>\n\t\t\t\t\t<\/div>\n\t\t<\/div>\n\t\t\t\t\t<\/div>\n\t\t<\/section>\n\t\t\t\t<\/div>\n\t\t","protected":false},"excerpt":{"rendered":"<p>Contacta Puedes contactar con nosotros a trav\u00e9s de las siguientes v\u00edas. Estar en Contacto Puedes contactar con nosotros en; Direcci\u00f3n Calle El Calvario 54, 38600 Tenerife, Islas Canarias \u2013 Espa\u00f1a Tel\u00e9fonos +34 822148799 +34 666796850 info@trendrobotics.es<\/p>\n","protected":false},"author":1,"featured_media":0,"parent":0,"menu_order":0,"comment_status":"closed","ping_status":"closed","template":"template-parts\/template-page-builders.php","meta":{"footnotes":""},"class_list":["post-48","page","type-page","status-publish","hentry"],"yoast_head":"<!-- This site is optimized with the Yoast SEO plugin v22.8 - https:\/\/yoast.com\/wordpress\/plugins\/seo\/ -->\n<title>Contact - Carros Motorizados para Hoteles<\/title>\n<meta name=\"robots\" content=\"index, follow, max-snippet:-1, max-image-preview:large, max-video-preview:-1\" \/>\n<link rel=\"canonical\" href=\"https:\/\/carrosmotorizadosparahoteles.com\/index.php\/contact\/\" \/>\n<meta property=\"og:locale\" content=\"es_ES\" \/>\n<meta property=\"og:type\" content=\"article\" \/>\n<meta property=\"og:title\" content=\"Contact - Carros Motorizados para Hoteles\" \/>\n<meta property=\"og:description\" content=\"Contacta Puedes contactar con nosotros a trav\u00e9s de las siguientes v\u00edas. Estar en Contacto Puedes contactar con nosotros en; Direcci\u00f3n Calle El Calvario 54, 38600 Tenerife, Islas Canarias \u2013 Espa\u00f1a Tel\u00e9fonos +34 822148799 +34 666796850 info@trendrobotics.es\" \/>\n<meta property=\"og:url\" content=\"https:\/\/carrosmotorizadosparahoteles.com\/index.php\/contact\/\" \/>\n<meta property=\"og:site_name\" content=\"Carros Motorizados para Hoteles\" \/>\n<meta property=\"article:modified_time\" content=\"2023-02-17T19:45:48+00:00\" \/>\n<meta name=\"twitter:card\" content=\"summary_large_image\" \/>\n<meta name=\"twitter:label1\" content=\"Tiempo de lectura\" \/>\n\t<meta name=\"twitter:data1\" content=\"1 minuto\" \/>\n<script type=\"application\/ld+json\" class=\"yoast-schema-graph\">{\"@context\":\"https:\/\/schema.org\",\"@graph\":[{\"@type\":\"WebPage\",\"@id\":\"https:\/\/carrosmotorizadosparahoteles.com\/index.php\/contact\/\",\"url\":\"https:\/\/carrosmotorizadosparahoteles.com\/index.php\/contact\/\",\"name\":\"Contact - Carros Motorizados para Hoteles\",\"isPartOf\":{\"@id\":\"https:\/\/carrosmotorizadosparahoteles.com\/#website\"},\"datePublished\":\"2019-04-18T11:12:45+00:00\",\"dateModified\":\"2023-02-17T19:45:48+00:00\",\"breadcrumb\":{\"@id\":\"https:\/\/carrosmotorizadosparahoteles.com\/index.php\/contact\/#breadcrumb\"},\"inLanguage\":\"es\",\"potentialAction\":[{\"@type\":\"ReadAction\",\"target\":[\"https:\/\/carrosmotorizadosparahoteles.com\/index.php\/contact\/\"]}]},{\"@type\":\"BreadcrumbList\",\"@id\":\"https:\/\/carrosmotorizadosparahoteles.com\/index.php\/contact\/#breadcrumb\",\"itemListElement\":[{\"@type\":\"ListItem\",\"position\":1,\"name\":\"Portada\",\"item\":\"https:\/\/carrosmotorizadosparahoteles.com\/\"},{\"@type\":\"ListItem\",\"position\":2,\"name\":\"Contact\"}]},{\"@type\":\"WebSite\",\"@id\":\"https:\/\/carrosmotorizadosparahoteles.com\/#website\",\"url\":\"https:\/\/carrosmotorizadosparahoteles.com\/\",\"name\":\"Carros Motorizados para Hoteles\",\"description\":\"Carros Motorizados para Hoteles\",\"publisher\":{\"@id\":\"https:\/\/carrosmotorizadosparahoteles.com\/#organization\"},\"potentialAction\":[{\"@type\":\"SearchAction\",\"target\":{\"@type\":\"EntryPoint\",\"urlTemplate\":\"https:\/\/carrosmotorizadosparahoteles.com\/?s={search_term_string}\"},\"query-input\":\"required name=search_term_string\"}],\"inLanguage\":\"es\"},{\"@type\":\"Organization\",\"@id\":\"https:\/\/carrosmotorizadosparahoteles.com\/#organization\",\"name\":\"Carros Motorizados para Hoteles\",\"url\":\"https:\/\/carrosmotorizadosparahoteles.com\/\",\"logo\":{\"@type\":\"ImageObject\",\"inLanguage\":\"es\",\"@id\":\"https:\/\/carrosmotorizadosparahoteles.com\/#\/schema\/logo\/image\/\",\"url\":\"https:\/\/carrosmotorizadosparahoteles.com\/wp-content\/uploads\/2023\/02\/cropped-TRb-CARBOT-Carro-motorizado-para-hoteles-color-blanco-150x48-1.png\",\"contentUrl\":\"https:\/\/carrosmotorizadosparahoteles.com\/wp-content\/uploads\/2023\/02\/cropped-TRb-CARBOT-Carro-motorizado-para-hoteles-color-blanco-150x48-1.png\",\"width\":200,\"height\":69,\"caption\":\"Carros Motorizados para Hoteles\"},\"image\":{\"@id\":\"https:\/\/carrosmotorizadosparahoteles.com\/#\/schema\/logo\/image\/\"}}]}<\/script>\n<!-- \/ Yoast SEO plugin. -->","yoast_head_json":{"title":"Contact - Carros Motorizados para Hoteles","robots":{"index":"index","follow":"follow","max-snippet":"max-snippet:-1","max-image-preview":"max-image-preview:large","max-video-preview":"max-video-preview:-1"},"canonical":"https:\/\/carrosmotorizadosparahoteles.com\/index.php\/contact\/","og_locale":"es_ES","og_type":"article","og_title":"Contact - Carros Motorizados para Hoteles","og_description":"Contacta Puedes contactar con nosotros a trav\u00e9s de las siguientes v\u00edas. Estar en Contacto Puedes contactar con nosotros en; Direcci\u00f3n Calle El Calvario 54, 38600 Tenerife, Islas Canarias \u2013 Espa\u00f1a Tel\u00e9fonos +34 822148799 +34 666796850 info@trendrobotics.es","og_url":"https:\/\/carrosmotorizadosparahoteles.com\/index.php\/contact\/","og_site_name":"Carros Motorizados para Hoteles","article_modified_time":"2023-02-17T19:45:48+00:00","twitter_card":"summary_large_image","twitter_misc":{"Tiempo de lectura":"1 minuto"},"schema":{"@context":"https:\/\/schema.org","@graph":[{"@type":"WebPage","@id":"https:\/\/carrosmotorizadosparahoteles.com\/index.php\/contact\/","url":"https:\/\/carrosmotorizadosparahoteles.com\/index.php\/contact\/","name":"Contact - Carros Motorizados para Hoteles","isPartOf":{"@id":"https:\/\/carrosmotorizadosparahoteles.com\/#website"},"datePublished":"2019-04-18T11:12:45+00:00","dateModified":"2023-02-17T19:45:48+00:00","breadcrumb":{"@id":"https:\/\/carrosmotorizadosparahoteles.com\/index.php\/contact\/#breadcrumb"},"inLanguage":"es","potentialAction":[{"@type":"ReadAction","target":["https:\/\/carrosmotorizadosparahoteles.com\/index.php\/contact\/"]}]},{"@type":"BreadcrumbList","@id":"https:\/\/carrosmotorizadosparahoteles.com\/index.php\/contact\/#breadcrumb","itemListElement":[{"@type":"ListItem","position":1,"name":"Portada","item":"https:\/\/carrosmotorizadosparahoteles.com\/"},{"@type":"ListItem","position":2,"name":"Contact"}]},{"@type":"WebSite","@id":"https:\/\/carrosmotorizadosparahoteles.com\/#website","url":"https:\/\/carrosmotorizadosparahoteles.com\/","name":"Carros Motorizados para Hoteles","description":"Carros Motorizados para Hoteles","publisher":{"@id":"https:\/\/carrosmotorizadosparahoteles.com\/#organization"},"potentialAction":[{"@type":"SearchAction","target":{"@type":"EntryPoint","urlTemplate":"https:\/\/carrosmotorizadosparahoteles.com\/?s={search_term_string}"},"query-input":"required name=search_term_string"}],"inLanguage":"es"},{"@type":"Organization","@id":"https:\/\/carrosmotorizadosparahoteles.com\/#organization","name":"Carros Motorizados para Hoteles","url":"https:\/\/carrosmotorizadosparahoteles.com\/","logo":{"@type":"ImageObject","inLanguage":"es","@id":"https:\/\/carrosmotorizadosparahoteles.com\/#\/schema\/logo\/image\/","url":"https:\/\/carrosmotorizadosparahoteles.com\/wp-content\/uploads\/2023\/02\/cropped-TRb-CARBOT-Carro-motorizado-para-hoteles-color-blanco-150x48-1.png","contentUrl":"https:\/\/carrosmotorizadosparahoteles.com\/wp-content\/uploads\/2023\/02\/cropped-TRb-CARBOT-Carro-motorizado-para-hoteles-color-blanco-150x48-1.png","width":200,"height":69,"caption":"Carros Motorizados para Hoteles"},"image":{"@id":"https:\/\/carrosmotorizadosparahoteles.com\/#\/schema\/logo\/image\/"}}]}},"_links":{"self":[{"href":"https:\/\/carrosmotorizadosparahoteles.com\/index.php\/wp-json\/wp\/v2\/pages\/48","targetHints":{"allow":["GET"]}}],"collection":[{"href":"https:\/\/carrosmotorizadosparahoteles.com\/index.php\/wp-json\/wp\/v2\/pages"}],"about":[{"href":"https:\/\/carrosmotorizadosparahoteles.com\/index.php\/wp-json\/wp\/v2\/types\/page"}],"author":[{"embeddable":true,"href":"https:\/\/carrosmotorizadosparahoteles.com\/index.php\/wp-json\/wp\/v2\/users\/1"}],"replies":[{"embeddable":true,"href":"https:\/\/carrosmotorizadosparahoteles.com\/index.php\/wp-json\/wp\/v2\/comments?post=48"}],"version-history":[{"count":9,"href":"https:\/\/carrosmotorizadosparahoteles.com\/index.php\/wp-json\/wp\/v2\/pages\/48\/revisions"}],"predecessor-version":[{"id":782,"href":"https:\/\/carrosmotorizadosparahoteles.com\/index.php\/wp-json\/wp\/v2\/pages\/48\/revisions\/782"}],"wp:attachment":[{"href":"https:\/\/carrosmotorizadosparahoteles.com\/index.php\/wp-json\/wp\/v2\/media?parent=48"}],"curies":[{"name":"wp","href":"https:\/\/api.w.org\/{rel}","templated":true}]}}